{"id":751,"date":"2021-07-05T22:35:33","date_gmt":"2021-07-05T20:35:33","guid":{"rendered":"https:\/\/leroydev.xyz\/?page_id=751"},"modified":"2023-08-29T17:14:19","modified_gmt":"2023-08-29T15:14:19","slug":"offres-demploi","status":"publish","type":"page","link":"https:\/\/joirisrousseaux.be\/index.php\/offres-demploi\/","title":{"rendered":"Offres d&#8217;emploi"},"content":{"rendered":"\t\t<div data-elementor-type=\"wp-page\" data-elementor-id=\"751\" class=\"elementor elementor-751\">\n\t\t\t\t\t\t\t\t\t<section class=\"elementor-section elementor-top-section elementor-element elementor-element-7631b44 elementor-section-height-min-height elementor-section-boxed elementor-section-height-default elementor-section-items-middle\" data-id=\"7631b44\" data-element_type=\"section\" data-settings=\"{&quot;background_background&quot;:&quot;classic&quot;}\">\n\t\t\t\t\t\t<div class=\"elementor-container elementor-column-gap-default\">\n\t\t\t\t\t<div class=\"elementor-column elementor-col-100 elementor-top-column elementor-element elementor-element-056ed01\" data-id=\"056ed01\" data-element_type=\"column\">\n\t\t\t<div class=\"elementor-widget-wrap elementor-element-populated\">\n\t\t\t\t\t\t\t\t<div class=\"elementor-element elementor-element-70de860 elementor-widget elementor-widget-spacer\" data-id=\"70de860\" data-element_type=\"widget\" data-widget_type=\"spacer.default\">\n\t\t\t\t<div class=\"elementor-widget-container\">\n\t\t\t\t\t<div class=\"elementor-spacer\">\n\t\t\t<div class=\"elementor-spacer-inner\"><\/div>\n\t\t<\/div>\n\t\t\t\t<\/div>\n\t\t\t\t<\/div>\n\t\t\t\t\t<\/div>\n\t\t<\/div>\n\t\t\t\t\t\t\t<\/div>\n\t\t<\/section>\n\t\t\t\t<section class=\"elementor-section elementor-top-section elementor-element elementor-element-a0bcf8d elementor-section-boxed elementor-section-height-default elementor-section-height-default\" data-id=\"a0bcf8d\" data-element_type=\"section\">\n\t\t\t\t\t\t<div class=\"elementor-container elementor-column-gap-default\">\n\t\t\t\t\t<div class=\"elementor-column elementor-col-100 elementor-top-column elementor-element elementor-element-05731a6\" data-id=\"05731a6\" data-element_type=\"column\">\n\t\t\t<div class=\"elementor-widget-wrap elementor-element-populated\">\n\t\t\t\t\t\t\t\t<div class=\"elementor-element elementor-element-acce820 elementor-widget elementor-widget-spacer\" data-id=\"acce820\" data-element_type=\"widget\" data-widget_type=\"spacer.default\">\n\t\t\t\t<div class=\"elementor-widget-container\">\n\t\t\t\t\t<div class=\"elementor-spacer\">\n\t\t\t<div class=\"elementor-spacer-inner\"><\/div>\n\t\t<\/div>\n\t\t\t\t<\/div>\n\t\t\t\t<\/div>\n\t\t\t\t<div class=\"elementor-element elementor-element-5571c75 elementor-widget elementor-widget-heading\" data-id=\"5571c75\" data-element_type=\"widget\" data-widget_type=\"heading.default\">\n\t\t\t\t<div class=\"elementor-widget-container\">\n\t\t\t<h2 class=\"elementor-heading-title elementor-size-default\">- OFFRES D'EMPLOI -<\/h2>\t\t<\/div>\n\t\t\t\t<\/div>\n\t\t\t\t\t<\/div>\n\t\t<\/div>\n\t\t\t\t\t\t\t<\/div>\n\t\t<\/section>\n\t\t\t\t<section class=\"elementor-section elementor-top-section elementor-element elementor-element-ff1dfd5 elementor-section-boxed elementor-section-height-default elementor-section-height-default\" data-id=\"ff1dfd5\" data-element_type=\"section\">\n\t\t\t\t\t\t<div class=\"elementor-container elementor-column-gap-default\">\n\t\t\t\t\t<div class=\"elementor-column elementor-col-100 elementor-top-column elementor-element elementor-element-0e66f26\" data-id=\"0e66f26\" data-element_type=\"column\">\n\t\t\t<div class=\"elementor-widget-wrap elementor-element-populated\">\n\t\t\t\t\t\t\t\t<div class=\"elementor-element elementor-element-e35e528 elementor-widget elementor-widget-text-editor\" data-id=\"e35e528\" data-element_type=\"widget\" data-widget_type=\"text-editor.default\">\n\t\t\t\t<div class=\"elementor-widget-container\">\n\t\t\t\t\t\t\t<p>Il n&rsquo;y a actuellement pas d&rsquo;offre d&#8217;emploi disponible, n&rsquo;h\u00e9sitez pas \u00e0 revenir consulter cette page r\u00e9guli\u00e8rement.<\/p>\t\t\t\t\t\t<\/div>\n\t\t\t\t<\/div>\n\t\t\t\t\t<\/div>\n\t\t<\/div>\n\t\t\t\t\t\t\t<\/div>\n\t\t<\/section>\n\t\t\t\t\t\t\t<\/div>\n\t\t","protected":false},"excerpt":{"rendered":"<p>&#8211; OFFRES D&rsquo;EMPLOI &#8211; Il n&rsquo;y a actuellement pas d&rsquo;offre d&#8217;emploi disponible, n&rsquo;h\u00e9sitez pas \u00e0 revenir consulter cette page r\u00e9guli\u00e8rement.<\/p>\n","protected":false},"author":1,"featured_media":0,"parent":0,"menu_order":0,"comment_status":"closed","ping_status":"closed","template":"","meta":{"_kad_post_transparent":"","_kad_post_title":"hide","_kad_post_layout":"fullwidth","_kad_post_sidebar_id":"","_kad_post_content_style":"unboxed","_kad_post_vertical_padding":"hide","_kad_post_feature":"hide","_kad_post_feature_position":"","_kad_post_header":false,"_kad_post_footer":false,"footnotes":""},"class_list":["post-751","page","type-page","status-publish","hentry"],"_links":{"self":[{"href":"https:\/\/joirisrousseaux.be\/index.php\/wp-json\/wp\/v2\/pages\/751","targetHints":{"allow":["GET"]}}],"collection":[{"href":"https:\/\/joirisrousseaux.be\/index.php\/wp-json\/wp\/v2\/pages"}],"about":[{"href":"https:\/\/joirisrousseaux.be\/index.php\/wp-json\/wp\/v2\/types\/page"}],"author":[{"embeddable":true,"href":"https:\/\/joirisrousseaux.be\/index.php\/wp-json\/wp\/v2\/users\/1"}],"replies":[{"embeddable":true,"href":"https:\/\/joirisrousseaux.be\/index.php\/wp-json\/wp\/v2\/comments?post=751"}],"version-history":[{"count":0,"href":"https:\/\/joirisrousseaux.be\/index.php\/wp-json\/wp\/v2\/pages\/751\/revisions"}],"wp:attachment":[{"href":"https:\/\/joirisrousseaux.be\/index.php\/wp-json\/wp\/v2\/media?parent=751"}],"curies":[{"name":"wp","href":"https:\/\/api.w.org\/{rel}","templated":true}]}}